{"id":4384,"date":"2014-01-31T05:15:21","date_gmt":"2014-01-31T05:15:21","guid":{"rendered":"http:\/\/para.llel.us\/themes\/vellum-wp\/?page_id=4384"},"modified":"2026-02-18T21:07:13","modified_gmt":"2026-02-18T21:07:13","slug":"one-page-resort","status":"publish","type":"page","link":"https:\/\/harakademian.is\/","title":{"rendered":"H\u00e1rakadem\u00edan"},"content":{"rendered":"\t\t<div data-elementor-type=\"wp-page\" data-elementor-id=\"4384\" class=\"elementor elementor-4384\">\n\t\t\t\t<div class=\"elementor-element elementor-element-59bfff7 e-con-full e-flex e-con e-parent\" data-id=\"59bfff7\" data-element_type=\"container\" data-e-type=\"container\" data-settings=\"{&quot;background_background&quot;:&quot;classic&quot;}\">\n\t\t\t\t<\/div>\n\t\t<div class=\"elementor-element elementor-element-63ae5ecb e-flex e-con-boxed e-con e-parent\" data-id=\"63ae5ecb\" data-element_type=\"container\" data-e-type=\"container\">\n\t\t\t\t\t<div class=\"e-con-inner\">\n\t\t\t\t<div class=\"elementor-element elementor-element-259ae0d2 elementor-widget elementor-widget-text-editor\" data-id=\"259ae0d2\" data-element_type=\"widget\" data-e-type=\"widget\" data-widget_type=\"text-editor.default\">\n\t\t\t\t\t\t\t\t\t<p>H\u00e1rakadem\u00edan b\u00fd\u00f0ur upp \u00e1 styttingu \u00e1 n\u00e1mi \u00ed h\u00e1rsnyrtii\u00f0n. H\u00e1rakadem\u00edan er fram\u00farskarandi einkarekinn h\u00e1rsnyrtisk\u00f3li sem undirb\u00fdr nemendur til sveinspr\u00f3fs \u00ed greininni. Sk\u00f3linn var stofna\u00f0ur veturinn 2014.<\/p>\n<h2>Markmi\u00f0in<\/h2>\n<ul>\n<li>Veita nemendum inng\u00f6ngu til fram\u00farskarandi menntunar \u00ed h\u00e1rsnyrtii\u00f0n\u00a0sem sni\u00f0in er a\u00f0 \u00fe\u00f6rfum \u00feeirra og atvinnul\u00edfinu.<\/li>\n<li>A\u00f0 a\u00f0st\u00e6\u00f0ur og a\u00f0b\u00fana\u00f0ur s\u00e9 fyrsta flokks og til fyrirmyndar.<\/li>\n<li>A\u00f0 virkja nemendur \u00e1 j\u00e1kv\u00e6\u00f0an og uppbyggilegan h\u00e1tt b\u00e6\u00f0i \u00ed sk\u00f3la og heima fyrir.<\/li>\n<li>A\u00f0 kenna nemendum g\u00f3\u00f0a \u00feekkingu og verk-kunn\u00e1ttu \u00ed h\u00e1rsnyrtii\u00f0n \u00e1 12 m\u00e1nu\u00f0um.<\/li>\n<li>Nemendur H\u00e1rakadem\u00edunnar ver\u00f0a tilb\u00fanir til sveinspr\u00f3fs sem og vinnu \u00fat \u00e1 g\u00f3lfi a\u00f0 n\u00e1mi loknu.<\/li>\n<li>A\u00f0 \u00fatskrifa fram\u00farskarandi fagf\u00f3lk.<\/li>\n<\/ul>\n<h2>N\u00fdjung vi\u00f0 n\u00e1mi\u00f0 \u00ed H\u00e1rakadem\u00edunni<\/h2>\n<ul>\n<li>H\u00e1rakadem\u00edan \u00fatvegar \u00feeim nemendum er uppfylla 90% sk\u00f3las\u00f3kn \u00e1 hverri \u00f6nn n\u00e1mssamning vi\u00f0 h\u00e1rsnyrtistofu.<\/li>\n<li>Fyrir afhendingu burtfarask\u00edrteinis \u00far H\u00e1rakadem\u00edunni \u00fearf vi\u00f0komandi a\u00f0 hafa fari\u00f0\u00a0\u00ed gegnum sveinspr\u00f3f.<\/li>\n<li>Afgrei\u00f0sla me\u00f0 s\u00f6lu \u00e1 h\u00e1rv\u00f6rum fyrir vi\u00f0skiptavini og almenning \u00fear sem nemendur l\u00e6ra a\u00f0 selja v\u00f6rur sem telst vera mikilv\u00e6gur \u00fe\u00e1ttur \u00ed rekstri \u00e1 h\u00e1rsnyrtistofu.<\/li>\n<li>N\u00e1mi\u00f0 er kennt af fram\u00farskarandi fagf\u00f3lki sem er enn a\u00f0 vinna \u00e1 g\u00f3lfi og heldur s\u00e9r ferskum \u00ed faginu.<\/li>\n<li>Styttra n\u00e1m, tekur 12 m\u00e1nu\u00f0i \u00ed H\u00e1rakadem\u00edunni og n\u00e1mssamningur \u00e1 stofu er einnig styttur \u00ed samr\u00e6mi vi\u00f0 n\u00e1mi\u00f0 \u00ed sk\u00f3lanum og tekur 52 vikur.<\/li>\n<li>H\u00e1rakadem\u00edan kennir H\u00e1rsnyrtin\u00e1m til sveinspr\u00f3fs\u00a0og kennir hluta af n\u00e1minu \u00e1 svok\u00f6llu\u00f0u \u201copnum d\u00f6gum\u201d sem metnir eru til samnings.<\/li>\n<li>Nemendur H\u00e1rakadem\u00edunnar safna s\u00e9r s\u00ednum eigin vi\u00f0skiptavinah\u00f3pi yfir \u00e1ri\u00f0.<\/li>\n<li>H\u00e1rakadem\u00edan \u00fej\u00e1lfar nemendur s\u00edna a\u00f0 vinna me\u00f0 lifandi m\u00f3del st\u00f3ran hluta af n\u00e1minu.<\/li>\n<\/ul>\n<h2>H\u00e1rsnyrtii\u00f0n<\/h2>\n<p>H\u00e1rsnyrtii\u00f0n er \u00fej\u00f3nustustarf. Starfi\u00f0 er mj\u00f6g krefjandi og er \u00fatf\u00e6rt \u00ed n\u00e1num tengslum vi\u00f0 vi\u00f0skiptavininn. R\u00e1\u00f0gj\u00f6f um pers\u00f3nulegt \u00fatlit er st\u00f3r hluti starfsins og krefst \u00fea\u00f0 listr\u00e6ns inns\u00e6is fagmannsins. H\u00e1rsnyrtir \u00fearf a\u00f0 b\u00faa yfir \u00feekkingu \u00e1 herra- og d\u00f6muformum, litun, li\u00f0un og hafa til a\u00f0 bera \u00feekkingu \u00e1 t\u00edsku og t\u00ed\u00f0aranda hverju sinni svo handverki\u00f0 nj\u00f3ti s\u00edn sem best. H\u00e1rsnyrtii\u00f0n er samspil listr\u00e6nnar sk\u00f6punar, faglegrar \u00feekkingar, sem afla\u00f0 er me\u00f0 n\u00e1mi \u00ed H\u00e1rakadem\u00edunni, og starfs\u00fej\u00e1lfunar \u00e1 vinnusta\u00f0.<\/p>\n<h2>A\u00f0sta\u00f0an<\/h2>\n<p>H\u00e1rakadem\u00edan er b\u00fain \u00f6llum bestu\u00a0t\u00e6kjum og b\u00fana\u00f0i sem v\u00f6l er \u00e1. Kennslustofa fyrir b\u00f3klegt n\u00e1m og st\u00f3rt opi\u00f0 r\u00fdmi sem heldur utan um verklega kennslu sem l\u00edkir eftir h\u00e1rsnyrtistofu eins og \u00fe\u00e6r gerast \u00ed dag. H\u00e1rakadem\u00edan ver\u00f0ur einnig notu\u00f0 til n\u00e1mskei\u00f0a fyrir fagf\u00f3lk \u00ed st\u00e9ttinni.<\/p>\n<h2>\u00a0<\/h2>\n<h2>H\u00e1rakadem\u00edan\u00a0 \u00a0 \u00a0 \u00a0 \u00a0 \u00a0 \u00a0 \u00a0 \u00a0 \u00a0 \u00a0 \u00a0 Kringlunni 7 &#8211; H\u00fasi Verslunarinnar \u00a0 \u00a0 \u00a0 \u00a0 \u00a0 \u00a0S.571-2279 \u00a0 \u00a0 Kennitala: \u00a0 \u00a0450506-1170 \u00a0 \u00a0<\/h2>\n\n<div class=\"wp-block-buttons is-layout-flex wp-block-buttons-is-layout-flex\">\n<div class=\"wp-block-button\"><a class=\"wp-block-button__link wp-element-button\" href=\"http:\/\/harakademian.is\/wp-content\/uploads\/2024\/05\/Vidurkenning-Harakademian-2024.pdf\"> Vi\u00f0urkenning<\/a><\/div>\n<\/div>\n\n<p>\u00a0<\/p>\n\t\t\t\t\t\t\t\t<\/div>\n\t\t\t\t\t<\/div>\n\t\t\t\t<\/div>\n\t\t\t\t<\/div>\n\t\t","protected":false},"excerpt":{"rendered":"<p>H\u00e1rakadem\u00edan b\u00fd\u00f0ur upp \u00e1 styttingu \u00e1 n\u00e1mi \u00ed h\u00e1rsnyrtii\u00f0n. H\u00e1rakadem\u00edan er fram\u00farskarandi einkarekinn h\u00e1rsnyrtisk\u00f3li sem undirb\u00fdr nemendur til sveinspr\u00f3fs \u00ed [&hellip;]<\/p>\n","protected":false},"author":1,"featured_media":0,"parent":0,"menu_order":0,"comment_status":"closed","ping_status":"closed","template":"elementor_header_footer","meta":{"site-sidebar-layout":"no-sidebar","site-content-layout":"plain-container","ast-site-content-layout":"full-width-container","site-content-style":"default","site-sidebar-style":"default","ast-global-header-display":"","ast-banner-title-visibility":"","ast-main-header-display":"","ast-hfb-above-header-display":"","ast-hfb-below-header-display":"","ast-hfb-mobile-header-display":"","site-post-title":"disabled","ast-breadcrumbs-content":"","ast-featured-img":"disabled","footer-sml-layout":"","theme-transparent-header-meta":"","adv-header-id-meta":"","stick-header-meta":"","header-above-stick-meta":"","header-main-stick-meta":"","header-below-stick-meta":"","astra-migrate-meta-layouts":"default","ast-page-background-enabled":"default","ast-page-background-meta":{"desktop":{"background-color":"var(--ast-global-color-5)","background-image":"","background-repeat":"repeat","background-position":"center center","background-size":"auto","background-attachment":"scroll","background-type":"","background-media":"","overlay-type":"","overlay-color":"","overlay-opacity":"","overlay-gradient":""},"tablet":{"background-color":"","background-image":"","background-repeat":"repeat","background-position":"center center","background-size":"auto","background-attachment":"scroll","background-type":"","background-media":"","overlay-type":"","overlay-color":"","overlay-opacity":"","overlay-gradient":""},"mobile":{"background-color":"","background-image":"","background-repeat":"repeat","background-position":"center center","background-size":"auto","background-attachment":"scroll","background-type":"","background-media":"","overlay-type":"","overlay-color":"","overlay-opacity":"","overlay-gradient":""}},"ast-content-background-meta":{"desktop":{"background-color":"var(--ast-global-color-4)","background-image":"","background-repeat":"repeat","background-position":"center center","background-size":"auto","background-attachment":"scroll","background-type":"","background-media":"","overlay-type":"","overlay-color":"","overlay-opacity":"","overlay-gradient":""},"tablet":{"background-color":"var(--ast-global-color-4)","background-image":"","background-repeat":"repeat","background-position":"center center","background-size":"auto","background-attachment":"scroll","background-type":"","background-media":"","overlay-type":"","overlay-color":"","overlay-opacity":"","overlay-gradient":""},"mobile":{"background-color":"var(--ast-global-color-4)","background-image":"","background-repeat":"repeat","background-position":"center center","background-size":"auto","background-attachment":"scroll","background-type":"","background-media":"","overlay-type":"","overlay-color":"","overlay-opacity":"","overlay-gradient":""}},"footnotes":""},"class_list":["post-4384","page","type-page","status-publish","hentry"],"_links":{"self":[{"href":"https:\/\/harakademian.is\/index.php?rest_route=\/wp\/v2\/pages\/4384","targetHints":{"allow":["GET"]}}],"collection":[{"href":"https:\/\/harakademian.is\/index.php?rest_route=\/wp\/v2\/pages"}],"about":[{"href":"https:\/\/harakademian.is\/index.php?rest_route=\/wp\/v2\/types\/page"}],"author":[{"embeddable":true,"href":"https:\/\/harakademian.is\/index.php?rest_route=\/wp\/v2\/users\/1"}],"replies":[{"embeddable":true,"href":"https:\/\/harakademian.is\/index.php?rest_route=%2Fwp%2Fv2%2Fcomments&post=4384"}],"version-history":[{"count":254,"href":"https:\/\/harakademian.is\/index.php?rest_route=\/wp\/v2\/pages\/4384\/revisions"}],"predecessor-version":[{"id":6355,"href":"https:\/\/harakademian.is\/index.php?rest_route=\/wp\/v2\/pages\/4384\/revisions\/6355"}],"wp:attachment":[{"href":"https:\/\/harakademian.is\/index.php?rest_route=%2Fwp%2Fv2%2Fmedia&parent=4384"}],"curies":[{"name":"wp","href":"https:\/\/api.w.org\/{rel}","templated":true}]}}